{"id":1161,"date":"2023-02-27T21:42:59","date_gmt":"2023-02-27T20:42:59","guid":{"rendered":"http:\/\/med-dental.you2.pl\/?page_id=1161"},"modified":"2023-04-02T16:56:29","modified_gmt":"2023-04-02T14:56:29","slug":"placowki","status":"publish","type":"page","link":"https:\/\/med-dental.you2.pl\/","title":{"rendered":"Plac\u00f3wki"},"content":{"rendered":"\n<div class=\"wp-block-stackable-columns stk-block-columns stk-block stk-217a17e\" data-block-id=\"217a17e\"><style>.stk-217a17e{margin-top:-97px !important;margin-bottom:25px !important}<\/style><div class=\"stk-row stk-inner-blocks stk-block-content stk-content-align stk-217a17e-column\">\n<div class=\"wp-block-stackable-column stk-block-column stk-block-column--v3 stk-column stk-block-column--v2 stk-block stk-cc87ad8\" data-block-id=\"cc87ad8\"><style>.stk-cc87ad8{margin-top:-46px !important}<\/style><div class=\"stk-column-wrapper stk-block-column__content stk-container stk-cc87ad8-container stk--no-background stk--no-padding\"><div class=\"has-text-align-center stk-block-content stk-inner-blocks stk-cc87ad8-inner-blocks\">\n<figure class=\"wp-block-image size-medium is-resized\"><img loading=\"lazy\" decoding=\"async\" src=\"http:\/\/med-dental.you2.pl\/wp-content\/uploads\/2023\/02\/LOGO-MED-DENT2-1024x1024-5-300x300.png\" alt=\"\" class=\"wp-image-1172\" width=\"150\" height=\"150\" srcset=\"https:\/\/med-dental.you2.pl\/wp-content\/uploads\/2023\/02\/LOGO-MED-DENT2-1024x1024-5-300x300.png 300w, https:\/\/med-dental.you2.pl\/wp-content\/uploads\/2023\/02\/LOGO-MED-DENT2-1024x1024-5.png 1024w, https:\/\/med-dental.you2.pl\/wp-content\/uploads\/2023\/02\/LOGO-MED-DENT2-1024x1024-5-150x150.png 150w, https:\/\/med-dental.you2.pl\/wp-content\/uploads\/2023\/02\/LOGO-MED-DENT2-1024x1024-5-768x768.png 768w\" sizes=\"auto, (max-width: 150px) 100vw, 150px\" \/><\/figure>\n<\/div><\/div><\/div>\n<\/div><\/div>\n\n\n\n<div class=\"wp-block-stackable-columns alignwide stk-block-columns stk-block stk-51b9fee\" data-block-id=\"51b9fee\"><div class=\"stk-row stk-inner-blocks stk-block-content stk-content-align stk-51b9fee-column alignwide\">\n<div class=\"wp-block-stackable-column stk-block-column stk-block-column--v3 stk-column stk-block-column--v2 stk-block stk-a706512\" data-block-id=\"a706512\"><div class=\"stk-column-wrapper stk-block-column__content stk-container stk-a706512-container stk--no-background stk--no-padding\"><div class=\"stk-block-content stk-inner-blocks stk-a706512-inner-blocks\">\n<div class=\"wp-block-stackable-card stk-block-card stk-block stk-34f7893 is-style-default\" data-block-id=\"34f7893\"><style>.stk-34f7893-container{box-shadow:0 0 0 2px rgba(120,120,120,0.1) !important}<\/style><div class=\"stk--no-padding stk-container stk-34f7893-container stk-hover-parent\"><figure class=\"stk-block-card__image stk-img-wrapper stk-image--shape-stretch\"><img loading=\"lazy\" decoding=\"async\" class=\"stk-img wp-image-1181\" src=\"http:\/\/med-dental.you2.pl\/wp-content\/uploads\/2023\/02\/derek-finch-zkrPU_1AwdU-unsplash-1024x681-1.jpg\" width=\"1024\" height=\"681\" srcset=\"https:\/\/med-dental.you2.pl\/wp-content\/uploads\/2023\/02\/derek-finch-zkrPU_1AwdU-unsplash-1024x681-1.jpg 1024w, https:\/\/med-dental.you2.pl\/wp-content\/uploads\/2023\/02\/derek-finch-zkrPU_1AwdU-unsplash-1024x681-1-300x200.jpg 300w, https:\/\/med-dental.you2.pl\/wp-content\/uploads\/2023\/02\/derek-finch-zkrPU_1AwdU-unsplash-1024x681-1-768x511.jpg 768w\" sizes=\"auto, (max-width: 1024px) 100vw, 1024px\" \/><\/figure><div class=\"stk-container-padding stk-block-card__content\"><div class=\"stk-block-content stk-inner-blocks has-text-align-center\">\n<div class=\"wp-block-stackable-heading stk-block-heading stk-block-heading--v2 stk-block stk-a9c4d2e\" id=\"przychodnia-harcerska\" data-block-id=\"a9c4d2e\"><style>.stk-a9c4d2e{margin-bottom:15px !important}.stk-a9c4d2e .stk-block-heading__text{font-size:32px !important;color:var(--paletteColor1,#779393) !important;font-family:\"Lato\",Sans-serif !important}@media screen and (max-width:1023px){.stk-a9c4d2e .stk-block-heading__text{font-size:32px !important}}<\/style><h2 class=\"stk-block-heading__text has-text-color\">PRZYCHODNIA HARCERSKA<\/h2><\/div>\n\n\n\n<div class=\"wp-block-stackable-button-group stk-block-button-group stk-block stk-a3ca25a\" data-block-id=\"a3ca25a\"><style>.stk-a3ca25a{margin-bottom:11px !important}<\/style><div class=\"stk-row stk-inner-blocks stk-block-content stk-button-group\">\n<div class=\"wp-block-stackable-icon-button stk-block-icon-button stk-block stk-9e6b92e\" data-block-id=\"9e6b92e\"><style>.stk-9e6b92e .stk-button{background:var(--paletteColor1,#779393) !important}<\/style><a class=\"stk-link stk-button stk--hover-effect-darken\" href=\"\"><span class=\"stk--svg-wrapper\"><div class=\"stk--inner-svg\"><svg aria-hidden=\"true\" focusable=\"false\" data-prefix=\"fas\" data-icon=\"map-marker-alt\" class=\"svg-inline--fa fa-map-marker-alt fa-w-12\" xmlns=\"http:\/\/www.w3.org\/2000\/svg\" viewBox=\"0 0 384 512\" width=\"32\" height=\"32\"><path fill=\"currentColor\" d=\"M172.268 501.67C26.97 291.031 0 269.413 0 192 0 85.961 85.961 0 192 0s192 85.961 192 192c0 77.413-26.97 99.031-172.268 309.67-9.535 13.774-29.93 13.773-39.464 0zM192 272c44.183 0 80-35.817 80-80s-35.817-80-80-80-80 35.817-80 80 35.817 80 80 80z\"><\/path><\/svg><\/div><\/span><\/a><\/div>\n<\/div><\/div>\n\n\n\n<div class=\"wp-block-stackable-text stk-block-text stk-block stk-a91303c\" data-block-id=\"a91303c\"><style>.stk-a91303c{margin-bottom:11px !important}.stk-a91303c .stk-block-text__text{font-size:24px !important}@media screen and (max-width:1023px){.stk-a91303c .stk-block-text__text{font-size:24px !important}}<\/style><p class=\"stk-block-text__text\"><strong>Ruda \u015al\u0105ska 41-706 ul. Harcerska 3<\/strong><\/p><\/div>\n\n\n\n<div class=\"wp-block-stackable-button-group stk-block-button-group stk-block stk-c3e43c7\" data-block-id=\"c3e43c7\"><style>.stk-c3e43c7{margin-bottom:11px !important}<\/style><div class=\"stk-row stk-inner-blocks stk-block-content stk-button-group\">\n<div class=\"wp-block-stackable-icon-button stk-block-icon-button stk-block stk-325782a\" data-block-id=\"325782a\"><style>.stk-325782a .stk-button{background:var(--paletteColor1,#779393) !important}<\/style><a class=\"stk-link stk-button stk--hover-effect-darken\" href=\"\"><span class=\"stk--svg-wrapper\"><div class=\"stk--inner-svg\"><svg aria-hidden=\"true\" focusable=\"false\" data-prefix=\"fas\" data-icon=\"phone-alt\" class=\"svg-inline--fa fa-phone-alt fa-w-16\" xmlns=\"http:\/\/www.w3.org\/2000\/svg\" viewBox=\"0 0 512 512\" width=\"32\" height=\"32\"><path fill=\"currentColor\" d=\"M497.39 361.8l-112-48a24 24 0 0 0-28 6.9l-49.6 60.6A370.66 370.66 0 0 1 130.6 204.11l60.6-49.6a23.94 23.94 0 0 0 6.9-28l-48-112A24.16 24.16 0 0 0 122.6.61l-104 24A24 24 0 0 0 0 48c0 256.5 207.9 464 464 464a24 24 0 0 0 23.4-18.6l24-104a24.29 24.29 0 0 0-14.01-27.6z\"><\/path><\/svg><\/div><\/span><\/a><\/div>\n<\/div><\/div>\n\n\n\n<div class=\"wp-block-stackable-text stk-block-text stk-block stk-afaf547\" data-block-id=\"afaf547\"><style>.stk-afaf547{margin-bottom:0px !important}.stk-afaf547 .stk-block-text__text{font-size:24px !important}@media screen and (max-width:1023px){.stk-afaf547 .stk-block-text__text{font-size:24px !important}}<\/style><p class=\"stk-block-text__text\"><strong>503 720 717<\/strong><\/p><\/div>\n\n\n\n<div class=\"wp-block-stackable-text stk-block-text stk-block stk-1da6845\" data-block-id=\"1da6845\"><style>.stk-1da6845 .stk-block-text__text{font-size:24px !important}@media screen and (max-width:1023px){.stk-1da6845 .stk-block-text__text{font-size:24px !important}}<\/style><p class=\"stk-block-text__text\"><strong>32 242 23 88<\/strong><\/p><\/div>\n<\/div><\/div><a class=\"stk-link stk-block-link stk--transparent-overlay\" href=\"http:\/\/med-dental.you2.pl\/index.php\/harcerska\/\" aria-hidden=\"true\" tabindex=\"-1\"><\/a><\/div><\/div>\n<\/div><\/div><\/div>\n\n\n\n<div class=\"wp-block-stackable-column stk-block-column stk-block-column--v3 stk-column stk-block-column--v2 stk-block stk-f1b7f6d\" data-block-id=\"f1b7f6d\"><div class=\"stk-column-wrapper stk-block-column__content stk-container stk-f1b7f6d-container stk--no-background stk--no-padding\"><div class=\"stk-block-content stk-inner-blocks stk-f1b7f6d-inner-blocks\">\n<div class=\"wp-block-stackable-card stk-block-card stk-block stk-344a346 is-style-default\" data-block-id=\"344a346\"><style>.stk-344a346-container{box-shadow:0 0 0 2px rgba(120,120,120,0.1) !important}<\/style><div class=\"stk--no-padding stk-container stk-344a346-container stk-hover-parent\"><figure class=\"stk-block-card__image stk-img-wrapper stk-image--shape-stretch\"><img loading=\"lazy\" decoding=\"async\" class=\"stk-img wp-image-1182\" src=\"http:\/\/med-dental.you2.pl\/wp-content\/uploads\/2023\/02\/image-from-rawpixel-id-2287757-jpeg-1024x683-1.jpg\" width=\"1024\" height=\"683\" srcset=\"https:\/\/med-dental.you2.pl\/wp-content\/uploads\/2023\/02\/image-from-rawpixel-id-2287757-jpeg-1024x683-1.jpg 1024w, https:\/\/med-dental.you2.pl\/wp-content\/uploads\/2023\/02\/image-from-rawpixel-id-2287757-jpeg-1024x683-1-300x200.jpg 300w, https:\/\/med-dental.you2.pl\/wp-content\/uploads\/2023\/02\/image-from-rawpixel-id-2287757-jpeg-1024x683-1-768x512.jpg 768w\" sizes=\"auto, (max-width: 1024px) 100vw, 1024px\" \/><\/figure><div class=\"stk-container-padding stk-block-card__content\"><div class=\"stk-block-content stk-inner-blocks has-text-align-center\">\n<div class=\"wp-block-stackable-heading stk-block-heading stk-block-heading--v2 stk-block stk-0723a98\" id=\"przychodnia-w-klodnicy\" data-block-id=\"0723a98\"><style>.stk-0723a98{margin-bottom:15px !important}.stk-0723a98 .stk-block-heading__text{font-size:32px !important;color:var(--paletteColor1,#779393) !important;font-family:\"Lato\",Sans-serif !important}@media screen and (max-width:1023px){.stk-0723a98 .stk-block-heading__text{font-size:32px !important}}<\/style><h2 class=\"stk-block-heading__text has-text-color\">PRZYCHODNIA W K\u0141ODNICY<\/h2><\/div>\n\n\n\n<div class=\"wp-block-stackable-button-group stk-block-button-group stk-block stk-e26d10f\" data-block-id=\"e26d10f\"><style>.stk-e26d10f{margin-bottom:11px !important}<\/style><div class=\"stk-row stk-inner-blocks stk-block-content stk-button-group\">\n<div class=\"wp-block-stackable-icon-button stk-block-icon-button stk-block stk-ea3c06f\" data-block-id=\"ea3c06f\"><style>.stk-ea3c06f .stk-button{background:var(--paletteColor1,#779393) !important}<\/style><a class=\"stk-link stk-button stk--hover-effect-darken\" href=\"\"><span class=\"stk--svg-wrapper\"><div class=\"stk--inner-svg\"><svg aria-hidden=\"true\" focusable=\"false\" data-prefix=\"fas\" data-icon=\"map-marker-alt\" class=\"svg-inline--fa fa-map-marker-alt fa-w-12\" xmlns=\"http:\/\/www.w3.org\/2000\/svg\" viewBox=\"0 0 384 512\" width=\"32\" height=\"32\"><path fill=\"currentColor\" d=\"M172.268 501.67C26.97 291.031 0 269.413 0 192 0 85.961 85.961 0 192 0s192 85.961 192 192c0 77.413-26.97 99.031-172.268 309.67-9.535 13.774-29.93 13.773-39.464 0zM192 272c44.183 0 80-35.817 80-80s-35.817-80-80-80-80 35.817-80 80 35.817 80 80 80z\"><\/path><\/svg><\/div><\/span><\/a><\/div>\n<\/div><\/div>\n\n\n\n<div class=\"wp-block-stackable-text stk-block-text stk-block stk-56c4685\" data-block-id=\"56c4685\"><style>.stk-56c4685{margin-bottom:11px !important}.stk-56c4685 .stk-block-text__text{font-size:24px !important}@media screen and (max-width:1023px){.stk-56c4685 .stk-block-text__text{font-size:24px !important}}<\/style><p class=\"stk-block-text__text\"><strong>Ruda \u015al\u0105ska 41-706 ul. Kaczmarka 6<\/strong><\/p><\/div>\n\n\n\n<div class=\"wp-block-stackable-button-group stk-block-button-group stk-block stk-91f2630\" data-block-id=\"91f2630\"><style>.stk-91f2630{margin-bottom:11px !important}<\/style><div class=\"stk-row stk-inner-blocks stk-block-content stk-button-group\">\n<div class=\"wp-block-stackable-icon-button stk-block-icon-button stk-block stk-b6e7939\" data-block-id=\"b6e7939\"><style>.stk-b6e7939 .stk-button{background:var(--paletteColor1,#779393) !important}<\/style><a class=\"stk-link stk-button stk--hover-effect-darken\" href=\"\"><span class=\"stk--svg-wrapper\"><div class=\"stk--inner-svg\"><svg aria-hidden=\"true\" focusable=\"false\" data-prefix=\"fas\" data-icon=\"phone-alt\" class=\"svg-inline--fa fa-phone-alt fa-w-16\" xmlns=\"http:\/\/www.w3.org\/2000\/svg\" viewBox=\"0 0 512 512\" width=\"32\" height=\"32\"><path fill=\"currentColor\" d=\"M497.39 361.8l-112-48a24 24 0 0 0-28 6.9l-49.6 60.6A370.66 370.66 0 0 1 130.6 204.11l60.6-49.6a23.94 23.94 0 0 0 6.9-28l-48-112A24.16 24.16 0 0 0 122.6.61l-104 24A24 24 0 0 0 0 48c0 256.5 207.9 464 464 464a24 24 0 0 0 23.4-18.6l24-104a24.29 24.29 0 0 0-14.01-27.6z\"><\/path><\/svg><\/div><\/span><\/a><\/div>\n<\/div><\/div>\n\n\n\n<div class=\"wp-block-stackable-text stk-block-text stk-block stk-bcf5e1d\" data-block-id=\"bcf5e1d\"><style>.stk-bcf5e1d{margin-bottom:0px !important}.stk-bcf5e1d .stk-block-text__text{font-size:24px !important}@media screen and (max-width:1023px){.stk-bcf5e1d .stk-block-text__text{font-size:24px !important}}<\/style><p class=\"stk-block-text__text\"><strong>510 717 884<\/strong><\/p><\/div>\n\n\n\n<div class=\"wp-block-stackable-text stk-block-text stk-block stk-7f0d325\" data-block-id=\"7f0d325\"><style>.stk-7f0d325 .stk-block-text__text{font-size:24px !important}@media screen and (max-width:1023px){.stk-7f0d325 .stk-block-text__text{font-size:24px !important}}<\/style><p class=\"stk-block-text__text\"><strong>501 589 365<\/strong><\/p><\/div>\n<\/div><\/div><a class=\"stk-link stk-block-link stk--transparent-overlay\" href=\"http:\/\/med-dental.you2.pl\/?page_id=1206\" aria-hidden=\"true\" tabindex=\"-1\"><\/a><\/div><\/div>\n<\/div><\/div><\/div>\n<\/div><\/div>\n\n\n\n<h2 class=\"wp-block-heading has-text-align-center has-palette-color-1-color has-text-color\">ZAPRASZAMY<\/h2>\n","protected":false},"excerpt":{"rendered":"<p>PRZYCHODNIA HARCERSKA Ruda \u015al\u0105ska 41-706 ul. Harcerska 3 503 720 717 32 242 23 88 PRZYCHODNIA W K\u0141ODNICY Ruda \u015al\u0105ska 41-706 ul. Kaczmarka 6 510 717 884 501 589 365 ZAPRASZAMY<\/p>\n","protected":false},"author":1,"featured_media":0,"parent":0,"menu_order":1,"comment_status":"closed","ping_status":"closed","template":"","meta":{"footnotes":""},"class_list":["post-1161","page","type-page","status-publish","hentry"],"blocksy_meta":{"has_hero_section":"enabled","styles_descriptor":{"styles":{"desktop":"[data-prefix=\"single_page\"] .entry-header .page-title {--fontSize:30px;} [data-prefix=\"single_page\"] .entry-header .entry-meta {--fontWeight:600;--textTransform:uppercase;--fontSize:12px;--lineHeight:1.3;}","tablet":"","mobile":""},"google_fonts":[],"version":5},"disable_footer":"yes","disable_header":"yes","hero_elements":[{"id":"custom_title","enabled":false,"heading_tag":"h1","title":"Strona g\u0142\u00f3wna","__id":"_h-F90AK6gyi8F0erhU5z"},{"id":"custom_description","enabled":true,"description_visibility":{"desktop":true,"tablet":true,"mobile":false},"__id":"L5XYGlheQot_xdMsMGhTS"},{"id":"custom_meta","enabled":false,"meta_elements":[{"id":"author","enabled":true,"label":"Przez","has_author_avatar":"yes","avatar_size":25},{"id":"post_date","enabled":true,"label":"W\u0142\u0105cz","date_format_source":"default","date_format":"M j, Y"},{"id":"updated_date","enabled":false,"label":"W\u0142\u0105cz","date_format_source":"default","date_format":"M j, Y"},{"id":"categories","enabled":false,"label":"W","style":"simple"},{"id":"comments","enabled":true}],"page_meta_elements":{"joined":true,"articles_count":true,"comments":true},"__id":"SsxjH418ZNc0BnVoFNngD"},{"id":"breadcrumbs","enabled":false,"__id":"-PJTT3nSyFJ_wkC4Xyi_n"}]},"featured_image_urls":{"full":"","thumbnail":"","medium":"","medium_large":"","large":"","1536x1536":"","2048x2048":""},"post_excerpt_stackable":"<p>PRZYCHODNIA HARCERSKA Ruda \u015al\u0105ska 41-706 ul. Harcerska 3 503 720 717 32 242 23 88 PRZYCHODNIA W K\u0141ODNICY Ruda \u015al\u0105ska 41-706 ul. Kaczmarka 6 510 717 884 501 589 365 ZAPRASZAMY<\/p>\n","category_list":"","author_info":{"name":"admin","url":"https:\/\/med-dental.you2.pl\/index.php\/author\/admin\/"},"comments_num":"0 comments","_links":{"self":[{"href":"https:\/\/med-dental.you2.pl\/index.php\/wp-json\/wp\/v2\/pages\/1161","targetHints":{"allow":["GET"]}}],"collection":[{"href":"https:\/\/med-dental.you2.pl\/index.php\/wp-json\/wp\/v2\/pages"}],"about":[{"href":"https:\/\/med-dental.you2.pl\/index.php\/wp-json\/wp\/v2\/types\/page"}],"author":[{"embeddable":true,"href":"https:\/\/med-dental.you2.pl\/index.php\/wp-json\/wp\/v2\/users\/1"}],"replies":[{"embeddable":true,"href":"https:\/\/med-dental.you2.pl\/index.php\/wp-json\/wp\/v2\/comments?post=1161"}],"version-history":[{"count":14,"href":"https:\/\/med-dental.you2.pl\/index.php\/wp-json\/wp\/v2\/pages\/1161\/revisions"}],"predecessor-version":[{"id":1253,"href":"https:\/\/med-dental.you2.pl\/index.php\/wp-json\/wp\/v2\/pages\/1161\/revisions\/1253"}],"wp:attachment":[{"href":"https:\/\/med-dental.you2.pl\/index.php\/wp-json\/wp\/v2\/media?parent=1161"}],"curies":[{"name":"wp","href":"https:\/\/api.w.org\/{rel}","templated":true}]}}